{"id":9,"date":"2024-01-10T10:52:25","date_gmt":"2024-01-10T10:52:25","guid":{"rendered":"https:\/\/www.leslilasdebellefontaine.com\/?page_id=9"},"modified":"2025-01-06T12:58:47","modified_gmt":"2025-01-06T12:58:47","slug":"les-lilas-de-bellefontaine","status":"publish","type":"page","link":"https:\/\/www.leslilasdebellefontaine.com\/","title":{"rendered":"Accueil"},"content":{"rendered":"\t\t<div data-elementor-type=\"wp-page\" data-elementor-id=\"9\" class=\"elementor elementor-9\">\n\t\t\t\t<div class=\"elementor-element elementor-element-dd4456f e-flex e-con-boxed e-con e-parent\" data-id=\"dd4456f\" data-element_type=\"container\" data-e-type=\"container\">\n\t\t\t\t\t<div class=\"e-con-inner\">\n\t\t\t\t<div class=\"elementor-element elementor-element-c6133b3 elementor-widget elementor-widget-image\" data-id=\"c6133b3\" data-element_type=\"widget\" data-e-type=\"widget\" data-widget_type=\"image.default\">\n\t\t\t\t<div class=\"elementor-widget-container\">\n\t\t\t\t\t\t\t\t\t\t\t\t\t\t\t<img fetchpriority=\"high\" decoding=\"async\" width=\"738\" height=\"554\" src=\"https:\/\/www.leslilasdebellefontaine.com\/wp-content\/uploads\/2024\/01\/leslilasgeneral2.jpg\" class=\"attachment-large size-large wp-image-25\" alt=\"image les lilas de Bellefontaine - jardin\" srcset=\"https:\/\/www.leslilasdebellefontaine.com\/wp-content\/uploads\/2024\/01\/leslilasgeneral2.jpg 738w, https:\/\/www.leslilasdebellefontaine.com\/wp-content\/uploads\/2024\/01\/leslilasgeneral2-300x225.jpg 300w\" sizes=\"(max-width: 738px) 100vw, 738px\" \/>\t\t\t\t\t\t\t\t\t\t\t\t\t\t\t<\/div>\n\t\t\t\t<\/div>\n\t\t\t\t\t<\/div>\n\t\t\t\t<\/div>\n\t\t<div class=\"elementor-element elementor-element-1e7ebed e-flex e-con-boxed e-con e-parent\" data-id=\"1e7ebed\" data-element_type=\"container\" data-e-type=\"container\">\n\t\t\t\t\t<div class=\"e-con-inner\">\n\t\t\t\t<div class=\"elementor-element elementor-element-d0d5357 elementor-widget elementor-widget-text-editor\" data-id=\"d0d5357\" data-element_type=\"widget\" data-e-type=\"widget\" data-widget_type=\"text-editor.default\">\n\t\t\t\t<div class=\"elementor-widget-container\">\n\t\t\t\t\t\t\t\t\t<div class=\"_w61jw8\">\n<h3 class=\"hpipapi atm_7l_1kw7nm4 atm_c8_1x4eueo atm_cs_1kw7nm4 atm_g3_1kw7nm4 atm_gi_idpfg4 atm_l8_idpfg4 atm_kd_idpfg4_pfnrn2 dir dir-ltr\" tabindex=\"-1\">\u00c0 propos de ce logement<\/h3>\n<\/div>\n<div class=\"_tp3sbt\"><span class=\"ll4r2nl atm_kd_pg2kvz_1bqn0at dir dir-ltr\">Charmante maison du 19\u00e8 si\u00e8cle en plein c\u0153ur de Bayeux \u00e0 300 m de la Tapisserie. La cuisine dans une v\u00e9randa donne sur un grand jardin fleuri .<br>\u00ab\u00a0Les Lilas de Bellefontaine\u00a0\u00bb est une maison tr\u00e8s adapt\u00e9e pour accueillir deux couples ou une famille avec ses deux salles de bains ind\u00e9pendantes. <\/span><\/div>\n<div class=\"_tp3sbt\"><span class=\"ll4r2nl atm_kd_pg2kvz_1bqn0at dir dir-ltr\">&nbsp;Le jardin est paisible.<\/span><\/div>\n<div><span class=\"ll4r2nl atm_kd_pg2kvz_1bqn0at dir dir-ltr\">\u00ab\u00a0Les Lilas de Bellefontaine\u00a0\u00bb est une maison ind\u00e9pendante, voisine de la maison des propri\u00e9taires.<\/span><\/div>\n<div><span class=\"ll4r2nl atm_kd_pg2kvz_1bqn0at dir dir-ltr\">\u00ab\u00a0Les Lilas de Bellefontaine\u00a0\u00bb est tr\u00e8s proche des restaurants, mus\u00e9es et cath\u00e9drale et m\u00eame de la gare: tout peut se faire \u00e0 pied!<\/span><\/div>\n<div class=\"_tp3sbt\"><span class=\"ll4r2nl atm_kd_pg2kvz_1bqn0at dir dir-ltr\"><br><span style=\"text-decoration: underline;\"><strong>Plusieurs options s&rsquo;offrent \u00e0 vous (tarifs sur la page \u00ab\u00a0tarifs et offres s\u00e9ciales\u00a0\u00bb) :<\/strong><\/span><\/span><\/div>\n<div>&nbsp;<\/div>\n<div><em>&#8211; <strong>Pour deux personnes petits-d\u00e9jeuners compris:<\/strong><\/em><\/div>\n<div>Vous aurez tout le rez de chauss\u00e9e de la maison :<\/div>\n<div>Chambre (<span class=\"ll4r2nl atm_kd_pg2kvz_1bqn0at dir dir-ltr\">deux lits 90&#215;190 ou un tr\u00e8s grand lit 180&#215;190),&nbsp; salle de bain attenante ( douche , lavabo, toilettes et machine \u00e0 laver), couloir, salon et cuisine dans v\u00e9randa donnant sur le jardin fleuri. <\/span><br><span class=\"ll4r2nl atm_kd_pg2kvz_1bqn0at dir dir-ltr\"><br><\/span><\/div>\n<div><span class=\"ll4r2nl atm_kd_pg2kvz_1bqn0at dir dir-ltr\">Le parking privatif ferm\u00e9 et le wifi sont inclus.<\/span>&nbsp;<br><br><\/div><p>3 nuits minimum.<\/p>\n<div>&nbsp;<\/div>\n<div class=\"_tp3sbt\">\n<div><em>&#8211; <strong>Pour quatre personnes petits-d\u00e9jeuners compris:<\/strong><\/em><\/div>\n<div>&nbsp;<\/div>\n<div>Vous aurez toute la maison:<\/div>\n<div>&nbsp;<\/div>\n<div>&#8211; Le rez de chauss\u00e9e:&nbsp; Chambre (<span class=\"ll4r2nl atm_kd_pg2kvz_1bqn0at dir dir-ltr\">deux lits 90&#215;190 ou un tr\u00e8s grand lit 180&#215;190), une salle de bain attenante ( douche , lavabo, toilettes et machine \u00e0 laver), couloir, salon et cuisine dans v\u00e9randa donnant sur le jardin fleuri.&nbsp;<\/span><\/div>\n<p><span class=\"ll4r2nl atm_kd_pg2kvz_1bqn0at dir dir-ltr\">&#8211; L&rsquo;\u00e9tage:&nbsp; Un salon&nbsp; avec un lit 90&#215;180 (possibilit\u00e9 de couchage dune personne de petite taille) et une chambre communiquante comprenant un lit de 140&#215;190 et&nbsp; une salle de bain ouverte (baignoire, lavabo), toilettes s\u00e9par\u00e9s.&nbsp;<\/span><\/p>\n<p><span class=\"ll4r2nl atm_kd_pg2kvz_1bqn0at dir dir-ltr\">Le parking privatif ferm\u00e9 et le wifi sont inclus.<\/span><\/p><p><span class=\"ll4r2nl atm_kd_pg2kvz_1bqn0at dir dir-ltr\">3 nuits minimum.<\/span><\/p>\n<\/div>\n<div><em><strong>-Pour quatre ou cinq&nbsp; personnes sans les petits-d\u00e9jeuners:<\/strong><\/em><\/div>\n<div>&nbsp;<\/div>\n<div>Vous aurez toute la maison:<\/div>\n<div>&nbsp;<\/div>\n<div>&#8211; Le rez de chauss\u00e9e avec chambre (<span class=\"ll4r2nl atm_kd_pg2kvz_1bqn0at dir dir-ltr\">deux lits 90&#215;190 ou un tr\u00e8s grand lit 180&#215;190), une salle de bain attenante ( douche , lavabo, toilettes et machine \u00e0 laver), couloir, salon et cuisine dans v\u00e9randa donnant sur le jardin fleuri.&nbsp;<\/span><\/div>\n<p><span class=\"ll4r2nl atm_kd_pg2kvz_1bqn0at dir dir-ltr\">&#8211; L&rsquo;\u00e9tage&nbsp; un salon&nbsp; avec un lit 90&#215;180 (possibilit\u00e9 de couchage dune personne de petite taille) et une chambre communiquante comprenant un lit de 140&#215;190 et&nbsp; une salle de bain ouverte (baignoire, lavabo), toilettes s\u00e9par\u00e9s.<\/span><\/p>\n<p><span class=\"ll4r2nl atm_kd_pg2kvz_1bqn0at dir dir-ltr\">Le parking privatif ferm\u00e9 et le wifi sont inclus.<\/span><\/p><p><span class=\"ll4r2nl atm_kd_pg2kvz_1bqn0at dir dir-ltr\">3 nuits minimum.<\/span><\/p>\n<div><span class=\"ll4r2nl atm_kd_pg2kvz_1bqn0at dir dir-ltr\">Si vous voulez prendre vos petits d\u00e9jeuners dans la maison des h\u00f4tes, ce sera avec plaisir.(Il suffira de le pr\u00e9ciser la veille).<\/span><span class=\"ll4r2nl atm_kd_pg2kvz_1bqn0at dir dir-ltr\">&nbsp;<\/span><\/div>\n<div>&nbsp;<\/div>\n<div><strong>Acc\u00e8s des voyageurs<\/strong><\/div>\n<div class=\"_tp3sbt\">\n<p><span class=\"ll4r2nl atm_kd_pg2kvz_1bqn0at dir dir-ltr\">Le parking priv\u00e9 et ferm\u00e9 est dans la cour de la maison des h\u00f4tes.<br>Un parking public et gratuit se trouve \u00e0 50m.<br><\/span><\/p>\n<p><span class=\"ll4r2nl atm_kd_pg2kvz_1bqn0at dir dir-ltr\">Pour arriver venant de Caen:<br>Au rond point Eisenhower, prendre la 1 \u00e8re \u00e0 droite direction Saint Vigor-le-Grand,<br>Au rond point suivant, prendre la 3\u00e8me sortie direction centre ville,<br>Vous arrivez face \u00e0 deux rues en \u00e9pingle \u00e0 cheveux<br>Prendre celle de gauche (rue Saint Exup\u00e8re),<br>Laisser \u00e0 votre gauche la petite rue Saint Georges \u00e0 gauche (interdite sauf riverains)<br>Prenez la 1\u00e8re \u00e0 gauche rue de Bellefontaine.<br>Au n\u00b011 vous \u00eates arriv\u00e9s aux Lilas de Bellefontaine.<br>Bienvenue!<\/span><\/p>\n<\/div>\n<div class=\"_tp3sbt\">\n<div>\n<div class=\"_pgfqnw\">&nbsp;<\/div>\n<\/div>\n<\/div>\t\t\t\t\t\t\t\t<\/div>\n\t\t\t\t<\/div>\n\t\t\t\t\t<\/div>\n\t\t\t\t<\/div>\n\t\t<div class=\"elementor-element elementor-element-7ff3159 e-flex e-con-boxed e-con e-parent\" data-id=\"7ff3159\" data-element_type=\"container\" data-e-type=\"container\">\n\t\t\t\t\t<div class=\"e-con-inner\">\n\t\t<div class=\"elementor-element elementor-element-20138b9 e-con-full e-flex e-con e-child\" data-id=\"20138b9\" data-element_type=\"container\" data-e-type=\"container\">\n\t\t\t\t<div class=\"elementor-element elementor-element-c6ba16a elementor-widget elementor-widget-image\" data-id=\"c6ba16a\" data-element_type=\"widget\" data-e-type=\"widget\" data-widget_type=\"image.default\">\n\t\t\t\t<div class=\"elementor-widget-container\">\n\t\t\t\t\t\t\t\t\t\t\t\t\t\t\t<img decoding=\"async\" width=\"800\" height=\"800\" src=\"https:\/\/www.leslilasdebellefontaine.com\/wp-content\/uploads\/2024\/02\/Digital-Award-TRA-2024-1024x1024.png\" class=\"attachment-large size-large wp-image-603\" alt=\"\" srcset=\"https:\/\/www.leslilasdebellefontaine.com\/wp-content\/uploads\/2024\/02\/Digital-Award-TRA-2024-1024x1024.png 1024w, https:\/\/www.leslilasdebellefontaine.com\/wp-content\/uploads\/2024\/02\/Digital-Award-TRA-2024-300x300.png 300w, https:\/\/www.leslilasdebellefontaine.com\/wp-content\/uploads\/2024\/02\/Digital-Award-TRA-2024-150x150.png 150w, https:\/\/www.leslilasdebellefontaine.com\/wp-content\/uploads\/2024\/02\/Digital-Award-TRA-2024-768x768.png 768w, https:\/\/www.leslilasdebellefontaine.com\/wp-content\/uploads\/2024\/02\/Digital-Award-TRA-2024.png 1080w\" sizes=\"(max-width: 800px) 100vw, 800px\" \/>\t\t\t\t\t\t\t\t\t\t\t\t\t\t\t<\/div>\n\t\t\t\t<\/div>\n\t\t\t\t<\/div>\n\t\t<div class=\"elementor-element elementor-element-d52adb4 e-con-full e-flex e-con e-child\" data-id=\"d52adb4\" data-element_type=\"container\" data-e-type=\"container\">\n\t\t\t\t<div class=\"elementor-element elementor-element-361d5ab elementor-widget elementor-widget-image\" data-id=\"361d5ab\" data-element_type=\"widget\" data-e-type=\"widget\" data-widget_type=\"image.default\">\n\t\t\t\t<div class=\"elementor-widget-container\">\n\t\t\t\t\t\t\t\t\t\t\t\t\t\t\t<img decoding=\"async\" width=\"800\" height=\"825\" src=\"https:\/\/www.leslilasdebellefontaine.com\/wp-content\/uploads\/2024\/02\/travelmyth_957721_xKvy_r__eco_friendly_p0_y2023_8c54_fr_print-993x1024.png\" class=\"attachment-large size-large wp-image-604\" alt=\"\" srcset=\"https:\/\/www.leslilasdebellefontaine.com\/wp-content\/uploads\/2024\/02\/travelmyth_957721_xKvy_r__eco_friendly_p0_y2023_8c54_fr_print-993x1024.png 993w, https:\/\/www.leslilasdebellefontaine.com\/wp-content\/uploads\/2024\/02\/travelmyth_957721_xKvy_r__eco_friendly_p0_y2023_8c54_fr_print-291x300.png 291w, https:\/\/www.leslilasdebellefontaine.com\/wp-content\/uploads\/2024\/02\/travelmyth_957721_xKvy_r__eco_friendly_p0_y2023_8c54_fr_print-768x792.png 768w, https:\/\/www.leslilasdebellefontaine.com\/wp-content\/uploads\/2024\/02\/travelmyth_957721_xKvy_r__eco_friendly_p0_y2023_8c54_fr_print-1489x1536.png 1489w, https:\/\/www.leslilasdebellefontaine.com\/wp-content\/uploads\/2024\/02\/travelmyth_957721_xKvy_r__eco_friendly_p0_y2023_8c54_fr_print-1986x2048.png 1986w\" sizes=\"(max-width: 800px) 100vw, 800px\" \/>\t\t\t\t\t\t\t\t\t\t\t\t\t\t\t<\/div>\n\t\t\t\t<\/div>\n\t\t\t\t<\/div>\n\t\t<div class=\"elementor-element elementor-element-dda7a82 e-con-full e-flex e-con e-child\" data-id=\"dda7a82\" data-element_type=\"container\" data-e-type=\"container\">\n\t\t\t\t<div class=\"elementor-element elementor-element-348f960 elementor-widget elementor-widget-image\" data-id=\"348f960\" data-element_type=\"widget\" data-e-type=\"widget\" data-widget_type=\"image.default\">\n\t\t\t\t<div class=\"elementor-widget-container\">\n\t\t\t\t\t\t\t\t\t\t\t\t\t\t\t<img loading=\"lazy\" decoding=\"async\" width=\"800\" height=\"825\" src=\"https:\/\/www.leslilasdebellefontaine.com\/wp-content\/uploads\/2024\/02\/travelmyth_957721_qTEq_r__parking_p0_y2023_24a4_fr_print-993x1024.png\" class=\"attachment-large size-large wp-image-605\" alt=\"\" srcset=\"https:\/\/www.leslilasdebellefontaine.com\/wp-content\/uploads\/2024\/02\/travelmyth_957721_qTEq_r__parking_p0_y2023_24a4_fr_print-993x1024.png 993w, https:\/\/www.leslilasdebellefontaine.com\/wp-content\/uploads\/2024\/02\/travelmyth_957721_qTEq_r__parking_p0_y2023_24a4_fr_print-291x300.png 291w, https:\/\/www.leslilasdebellefontaine.com\/wp-content\/uploads\/2024\/02\/travelmyth_957721_qTEq_r__parking_p0_y2023_24a4_fr_print-768x792.png 768w, https:\/\/www.leslilasdebellefontaine.com\/wp-content\/uploads\/2024\/02\/travelmyth_957721_qTEq_r__parking_p0_y2023_24a4_fr_print-1489x1536.png 1489w, https:\/\/www.leslilasdebellefontaine.com\/wp-content\/uploads\/2024\/02\/travelmyth_957721_qTEq_r__parking_p0_y2023_24a4_fr_print-1986x2048.png 1986w\" sizes=\"(max-width: 800px) 100vw, 800px\" \/>\t\t\t\t\t\t\t\t\t\t\t\t\t\t\t<\/div>\n\t\t\t\t<\/div>\n\t\t\t\t<\/div>\n\t\t<div class=\"elementor-element elementor-element-f56b383 e-con-full e-flex e-con e-child\" data-id=\"f56b383\" data-element_type=\"container\" data-e-type=\"container\">\n\t\t\t\t<div class=\"elementor-element elementor-element-4ced63b elementor-widget elementor-widget-image\" data-id=\"4ced63b\" data-element_type=\"widget\" data-e-type=\"widget\" data-widget_type=\"image.default\">\n\t\t\t\t<div class=\"elementor-widget-container\">\n\t\t\t\t\t\t\t\t\t\t\t\t\t\t\t<img loading=\"lazy\" decoding=\"async\" width=\"800\" height=\"825\" src=\"https:\/\/www.leslilasdebellefontaine.com\/wp-content\/uploads\/2024\/02\/travelmyth_957721_9S2d_r__small_p0_y2023_8c54_fr_print-993x1024.png\" class=\"attachment-large size-large wp-image-606\" alt=\"\" srcset=\"https:\/\/www.leslilasdebellefontaine.com\/wp-content\/uploads\/2024\/02\/travelmyth_957721_9S2d_r__small_p0_y2023_8c54_fr_print-993x1024.png 993w, https:\/\/www.leslilasdebellefontaine.com\/wp-content\/uploads\/2024\/02\/travelmyth_957721_9S2d_r__small_p0_y2023_8c54_fr_print-291x300.png 291w, https:\/\/www.leslilasdebellefontaine.com\/wp-content\/uploads\/2024\/02\/travelmyth_957721_9S2d_r__small_p0_y2023_8c54_fr_print-768x792.png 768w, https:\/\/www.leslilasdebellefontaine.com\/wp-content\/uploads\/2024\/02\/travelmyth_957721_9S2d_r__small_p0_y2023_8c54_fr_print-1489x1536.png 1489w, https:\/\/www.leslilasdebellefontaine.com\/wp-content\/uploads\/2024\/02\/travelmyth_957721_9S2d_r__small_p0_y2023_8c54_fr_print-1986x2048.png 1986w\" sizes=\"(max-width: 800px) 100vw, 800px\" \/>\t\t\t\t\t\t\t\t\t\t\t\t\t\t\t<\/div>\n\t\t\t\t<\/div>\n\t\t\t\t<\/div>\n\t\t\t\t\t<\/div>\n\t\t\t\t<\/div>\n\t\t<div class=\"elementor-element elementor-element-5004fdc e-flex e-con-boxed e-con e-parent\" data-id=\"5004fdc\" data-element_type=\"container\" data-e-type=\"container\">\n\t\t\t\t\t<div class=\"e-con-inner\">\n\t\t\t\t<div class=\"elementor-element elementor-element-a6225a5 elementor-widget elementor-widget-heading\" data-id=\"a6225a5\" data-element_type=\"widget\" data-e-type=\"widget\" data-widget_type=\"heading.default\">\n\t\t\t\t<div class=\"elementor-widget-container\">\n\t\t\t\t\t<h4 class=\"elementor-heading-title elementor-size-default\">Localisation<\/h4>\t\t\t\t<\/div>\n\t\t\t\t<\/div>\n\t\t\t\t\t<\/div>\n\t\t\t\t<\/div>\n\t\t<div class=\"elementor-element elementor-element-ff75d37 e-flex e-con-boxed e-con e-parent\" data-id=\"ff75d37\" data-element_type=\"container\" data-e-type=\"container\">\n\t\t\t\t\t<div class=\"e-con-inner\">\n\t\t\t\t<div class=\"elementor-element elementor-element-7135bfb elementor-widget elementor-widget-html\" data-id=\"7135bfb\" data-element_type=\"widget\" data-e-type=\"widget\" data-widget_type=\"html.default\">\n\t\t\t\t<div class=\"elementor-widget-container\">\n\t\t\t\t\t<iframe src=\"https:\/\/www.google.com\/maps\/embed?pb=!1m18!1m12!1m3!1d2603.1799425133995!2d-0.697515824505829!3d49.272987471442086!2m3!1f0!2f0!3f0!3m2!1i1024!2i768!4f13.1!3m3!1m2!1s0x480a5352694376ad%3A0x615e1c748a56539a!2sLes%20Lilas%20de%20Bellefontaine!5e0!3m2!1sfr!2sfr!4v1705059152083!5m2!1sfr!2sfr\" width=\"600\" height=\"450\" style=\"border:0;\" allowfullscreen=\"\" loading=\"lazy\" referrerpolicy=\"no-referrer-when-downgrade\"><\/iframe>\t\t\t\t<\/div>\n\t\t\t\t<\/div>\n\t\t\t\t\t<\/div>\n\t\t\t\t<\/div>\n\t\t\t\t<\/div>\n\t\t","protected":false},"excerpt":{"rendered":"<p>\u00c0 propos de ce logement Charmante maison du 19\u00e8 si\u00e8cle en plein c\u0153ur de Bayeux \u00e0 300 m de la Tapisserie. La cuisine dans une v\u00e9randa donne sur un grand jardin fleuri .\u00ab\u00a0Les Lilas de Bellefontaine\u00a0\u00bb est une maison tr\u00e8s adapt\u00e9e pour accueillir deux couples ou une famille avec ses deux salles de bains ind\u00e9pendantes. [&hellip;]<\/p>\n","protected":false},"author":1,"featured_media":0,"parent":0,"menu_order":0,"comment_status":"closed","ping_status":"closed","template":"","meta":{"footnotes":""},"class_list":["post-9","page","type-page","status-publish","hentry"],"yoast_head":"<!-- This site is optimized with the Yoast SEO plugin v27.3 - https:\/\/yoast.com\/product\/yoast-seo-wordpress\/ -->\n<title>Accueil - Les Lilas de Bellefontaine<\/title>\n<meta name=\"robots\" content=\"index, follow, max-snippet:-1, max-image-preview:large, max-video-preview:-1\" \/>\n<link rel=\"canonical\" href=\"https:\/\/www.leslilasdebellefontaine.com\/\" \/>\n<meta property=\"og:locale\" content=\"fr_FR\" \/>\n<meta property=\"og:type\" content=\"article\" \/>\n<meta property=\"og:title\" content=\"Accueil - Les Lilas de Bellefontaine\" \/>\n<meta property=\"og:description\" content=\"\u00c0 propos de ce logement Charmante maison du 19\u00e8 si\u00e8cle en plein c\u0153ur de Bayeux \u00e0 300 m de la Tapisserie. La cuisine dans une v\u00e9randa donne sur un grand jardin fleuri .\u00ab\u00a0Les Lilas de Bellefontaine\u00a0\u00bb est une maison tr\u00e8s adapt\u00e9e pour accueillir deux couples ou une famille avec ses deux salles de bains ind\u00e9pendantes. [&hellip;]\" \/>\n<meta property=\"og:url\" content=\"https:\/\/www.leslilasdebellefontaine.com\/\" \/>\n<meta property=\"og:site_name\" content=\"Les Lilas de Bellefontaine\" \/>\n<meta property=\"article:modified_time\" content=\"2025-01-06T12:58:47+00:00\" \/>\n<meta property=\"og:image\" content=\"https:\/\/www.leslilasdebellefontaine.com\/wp-content\/uploads\/2024\/01\/leslilasgeneral2.jpg\" \/>\n\t<meta property=\"og:image:width\" content=\"738\" \/>\n\t<meta property=\"og:image:height\" content=\"554\" \/>\n\t<meta property=\"og:image:type\" content=\"image\/jpeg\" \/>\n<meta name=\"twitter:card\" content=\"summary_large_image\" \/>\n<meta name=\"twitter:label1\" content=\"Dur\u00e9e de lecture estim\u00e9e\" \/>\n\t<meta name=\"twitter:data1\" content=\"4 minutes\" \/>\n<script type=\"application\/ld+json\" class=\"yoast-schema-graph\">{\"@context\":\"https:\\\/\\\/schema.org\",\"@graph\":[{\"@type\":\"WebPage\",\"@id\":\"https:\\\/\\\/www.leslilasdebellefontaine.com\\\/\",\"url\":\"https:\\\/\\\/www.leslilasdebellefontaine.com\\\/\",\"name\":\"Accueil - Les Lilas de Bellefontaine\",\"isPartOf\":{\"@id\":\"https:\\\/\\\/www.leslilasdebellefontaine.com\\\/#website\"},\"primaryImageOfPage\":{\"@id\":\"https:\\\/\\\/www.leslilasdebellefontaine.com\\\/#primaryimage\"},\"image\":{\"@id\":\"https:\\\/\\\/www.leslilasdebellefontaine.com\\\/#primaryimage\"},\"thumbnailUrl\":\"https:\\\/\\\/www.leslilasdebellefontaine.com\\\/wp-content\\\/uploads\\\/2024\\\/01\\\/leslilasgeneral2.jpg\",\"datePublished\":\"2024-01-10T10:52:25+00:00\",\"dateModified\":\"2025-01-06T12:58:47+00:00\",\"breadcrumb\":{\"@id\":\"https:\\\/\\\/www.leslilasdebellefontaine.com\\\/#breadcrumb\"},\"inLanguage\":\"fr-FR\",\"potentialAction\":[{\"@type\":\"ReadAction\",\"target\":[\"https:\\\/\\\/www.leslilasdebellefontaine.com\\\/\"]}]},{\"@type\":\"ImageObject\",\"inLanguage\":\"fr-FR\",\"@id\":\"https:\\\/\\\/www.leslilasdebellefontaine.com\\\/#primaryimage\",\"url\":\"https:\\\/\\\/www.leslilasdebellefontaine.com\\\/wp-content\\\/uploads\\\/2024\\\/01\\\/leslilasgeneral2.jpg\",\"contentUrl\":\"https:\\\/\\\/www.leslilasdebellefontaine.com\\\/wp-content\\\/uploads\\\/2024\\\/01\\\/leslilasgeneral2.jpg\",\"width\":738,\"height\":554,\"caption\":\"image les lilas de Bellefontaine - jardin\"},{\"@type\":\"BreadcrumbList\",\"@id\":\"https:\\\/\\\/www.leslilasdebellefontaine.com\\\/#breadcrumb\",\"itemListElement\":[{\"@type\":\"ListItem\",\"position\":1,\"name\":\"Accueil\",\"item\":\"https:\\\/\\\/www.leslilasdebellefontaine.com\\\/\"},{\"@type\":\"ListItem\",\"position\":2,\"name\":\"Accueil\"}]},{\"@type\":\"WebSite\",\"@id\":\"https:\\\/\\\/www.leslilasdebellefontaine.com\\\/#website\",\"url\":\"https:\\\/\\\/www.leslilasdebellefontaine.com\\\/\",\"name\":\"Les Lilas de Bellefontaine\",\"description\":\"\",\"publisher\":{\"@id\":\"https:\\\/\\\/www.leslilasdebellefontaine.com\\\/#organization\"},\"potentialAction\":[{\"@type\":\"SearchAction\",\"target\":{\"@type\":\"EntryPoint\",\"urlTemplate\":\"https:\\\/\\\/www.leslilasdebellefontaine.com\\\/?s={search_term_string}\"},\"query-input\":{\"@type\":\"PropertyValueSpecification\",\"valueRequired\":true,\"valueName\":\"search_term_string\"}}],\"inLanguage\":\"fr-FR\"},{\"@type\":\"Organization\",\"@id\":\"https:\\\/\\\/www.leslilasdebellefontaine.com\\\/#organization\",\"name\":\"Les Lilas de Bellefontaine\",\"url\":\"https:\\\/\\\/www.leslilasdebellefontaine.com\\\/\",\"logo\":{\"@type\":\"ImageObject\",\"inLanguage\":\"fr-FR\",\"@id\":\"https:\\\/\\\/www.leslilasdebellefontaine.com\\\/#\\\/schema\\\/logo\\\/image\\\/\",\"url\":\"https:\\\/\\\/www.leslilasdebellefontaine.com\\\/wp-content\\\/uploads\\\/2024\\\/01\\\/logo_leslilasdebellefontaine_128_128-1.png\",\"contentUrl\":\"https:\\\/\\\/www.leslilasdebellefontaine.com\\\/wp-content\\\/uploads\\\/2024\\\/01\\\/logo_leslilasdebellefontaine_128_128-1.png\",\"width\":128,\"height\":128,\"caption\":\"Les Lilas de Bellefontaine\"},\"image\":{\"@id\":\"https:\\\/\\\/www.leslilasdebellefontaine.com\\\/#\\\/schema\\\/logo\\\/image\\\/\"}}]}<\/script>\n<!-- \/ Yoast SEO plugin. -->","yoast_head_json":{"title":"Accueil - Les Lilas de Bellefontaine","robots":{"index":"index","follow":"follow","max-snippet":"max-snippet:-1","max-image-preview":"max-image-preview:large","max-video-preview":"max-video-preview:-1"},"canonical":"https:\/\/www.leslilasdebellefontaine.com\/","og_locale":"fr_FR","og_type":"article","og_title":"Accueil - Les Lilas de Bellefontaine","og_description":"\u00c0 propos de ce logement Charmante maison du 19\u00e8 si\u00e8cle en plein c\u0153ur de Bayeux \u00e0 300 m de la Tapisserie. La cuisine dans une v\u00e9randa donne sur un grand jardin fleuri .\u00ab\u00a0Les Lilas de Bellefontaine\u00a0\u00bb est une maison tr\u00e8s adapt\u00e9e pour accueillir deux couples ou une famille avec ses deux salles de bains ind\u00e9pendantes. [&hellip;]","og_url":"https:\/\/www.leslilasdebellefontaine.com\/","og_site_name":"Les Lilas de Bellefontaine","article_modified_time":"2025-01-06T12:58:47+00:00","og_image":[{"width":738,"height":554,"url":"https:\/\/www.leslilasdebellefontaine.com\/wp-content\/uploads\/2024\/01\/leslilasgeneral2.jpg","type":"image\/jpeg"}],"twitter_card":"summary_large_image","twitter_misc":{"Dur\u00e9e de lecture estim\u00e9e":"4 minutes"},"schema":{"@context":"https:\/\/schema.org","@graph":[{"@type":"WebPage","@id":"https:\/\/www.leslilasdebellefontaine.com\/","url":"https:\/\/www.leslilasdebellefontaine.com\/","name":"Accueil - Les Lilas de Bellefontaine","isPartOf":{"@id":"https:\/\/www.leslilasdebellefontaine.com\/#website"},"primaryImageOfPage":{"@id":"https:\/\/www.leslilasdebellefontaine.com\/#primaryimage"},"image":{"@id":"https:\/\/www.leslilasdebellefontaine.com\/#primaryimage"},"thumbnailUrl":"https:\/\/www.leslilasdebellefontaine.com\/wp-content\/uploads\/2024\/01\/leslilasgeneral2.jpg","datePublished":"2024-01-10T10:52:25+00:00","dateModified":"2025-01-06T12:58:47+00:00","breadcrumb":{"@id":"https:\/\/www.leslilasdebellefontaine.com\/#breadcrumb"},"inLanguage":"fr-FR","potentialAction":[{"@type":"ReadAction","target":["https:\/\/www.leslilasdebellefontaine.com\/"]}]},{"@type":"ImageObject","inLanguage":"fr-FR","@id":"https:\/\/www.leslilasdebellefontaine.com\/#primaryimage","url":"https:\/\/www.leslilasdebellefontaine.com\/wp-content\/uploads\/2024\/01\/leslilasgeneral2.jpg","contentUrl":"https:\/\/www.leslilasdebellefontaine.com\/wp-content\/uploads\/2024\/01\/leslilasgeneral2.jpg","width":738,"height":554,"caption":"image les lilas de Bellefontaine - jardin"},{"@type":"BreadcrumbList","@id":"https:\/\/www.leslilasdebellefontaine.com\/#breadcrumb","itemListElement":[{"@type":"ListItem","position":1,"name":"Accueil","item":"https:\/\/www.leslilasdebellefontaine.com\/"},{"@type":"ListItem","position":2,"name":"Accueil"}]},{"@type":"WebSite","@id":"https:\/\/www.leslilasdebellefontaine.com\/#website","url":"https:\/\/www.leslilasdebellefontaine.com\/","name":"Les Lilas de Bellefontaine","description":"","publisher":{"@id":"https:\/\/www.leslilasdebellefontaine.com\/#organization"},"potentialAction":[{"@type":"SearchAction","target":{"@type":"EntryPoint","urlTemplate":"https:\/\/www.leslilasdebellefontaine.com\/?s={search_term_string}"},"query-input":{"@type":"PropertyValueSpecification","valueRequired":true,"valueName":"search_term_string"}}],"inLanguage":"fr-FR"},{"@type":"Organization","@id":"https:\/\/www.leslilasdebellefontaine.com\/#organization","name":"Les Lilas de Bellefontaine","url":"https:\/\/www.leslilasdebellefontaine.com\/","logo":{"@type":"ImageObject","inLanguage":"fr-FR","@id":"https:\/\/www.leslilasdebellefontaine.com\/#\/schema\/logo\/image\/","url":"https:\/\/www.leslilasdebellefontaine.com\/wp-content\/uploads\/2024\/01\/logo_leslilasdebellefontaine_128_128-1.png","contentUrl":"https:\/\/www.leslilasdebellefontaine.com\/wp-content\/uploads\/2024\/01\/logo_leslilasdebellefontaine_128_128-1.png","width":128,"height":128,"caption":"Les Lilas de Bellefontaine"},"image":{"@id":"https:\/\/www.leslilasdebellefontaine.com\/#\/schema\/logo\/image\/"}}]}},"_links":{"self":[{"href":"https:\/\/www.leslilasdebellefontaine.com\/index.php\/wp-json\/wp\/v2\/pages\/9","targetHints":{"allow":["GET"]}}],"collection":[{"href":"https:\/\/www.leslilasdebellefontaine.com\/index.php\/wp-json\/wp\/v2\/pages"}],"about":[{"href":"https:\/\/www.leslilasdebellefontaine.com\/index.php\/wp-json\/wp\/v2\/types\/page"}],"author":[{"embeddable":true,"href":"https:\/\/www.leslilasdebellefontaine.com\/index.php\/wp-json\/wp\/v2\/users\/1"}],"replies":[{"embeddable":true,"href":"https:\/\/www.leslilasdebellefontaine.com\/index.php\/wp-json\/wp\/v2\/comments?post=9"}],"version-history":[{"count":137,"href":"https:\/\/www.leslilasdebellefontaine.com\/index.php\/wp-json\/wp\/v2\/pages\/9\/revisions"}],"predecessor-version":[{"id":783,"href":"https:\/\/www.leslilasdebellefontaine.com\/index.php\/wp-json\/wp\/v2\/pages\/9\/revisions\/783"}],"wp:attachment":[{"href":"https:\/\/www.leslilasdebellefontaine.com\/index.php\/wp-json\/wp\/v2\/media?parent=9"}],"curies":[{"name":"wp","href":"https:\/\/api.w.org\/{rel}","templated":true}]}}